{"id":78,"date":"2012-11-06T15:15:15","date_gmt":"2012-11-06T14:15:15","guid":{"rendered":"http:\/\/www.pedagorisk.net\/enseignants\/?page_id=78"},"modified":"2014-08-11T13:20:05","modified_gmt":"2014-08-11T12:20:05","slug":"les-risques-technologiques","status":"publish","type":"page","link":"http:\/\/www.pedagorisk.net\/enseignants\/college\/les-risques-technologiques\/","title":{"rendered":"Les risques technologiques"},"content":{"rendered":"<p>&nbsp;<\/p>\n<p>&nbsp;<\/p>\n<p><a href=\"http:\/\/www.mementodumaire.net\/risques-technologiques\/\" target=\"_blank\"><img loading=\"lazy\" class=\"alignleft size-full wp-image-519\" title=\"memento_risques_techno\" alt=\"\" src=\"http:\/\/www.pedagorisk.net\/enseignants\/wp-content\/uploads\/2012\/11\/memento_risques_techno.jpg\" width=\"150\" height=\"101\" \/><\/a><a href=\"http:\/\/www.mementodumaire.net\/risques-technologiques\/\" target=\"_blank\">Le m\u00e9mento du maire<\/a> et des \u00e9lus locaux est constitu\u00e9 de fiches qui d\u00e9crivent la nature de chaque risque, les risques qu&rsquo;il peut engendrer et la r\u00e9glementation qui s&rsquo;y rapporte.<\/p>\n<p>&nbsp;<\/p>\n<p>&nbsp;<\/p>\n<p>&nbsp;<\/p>\n<p><a href=\"http:\/\/risques.gouv.fr\/risques-technologiques\" target=\"_blank\"><img loading=\"lazy\" class=\"alignleft size-full wp-image-520\" title=\"risques_majeurs_techno\" alt=\"\" src=\"http:\/\/www.pedagorisk.net\/enseignants\/wp-content\/uploads\/2012\/11\/risques_majeurs_techno2.jpg\" width=\"150\" height=\"101\" \/><\/a><a href=\"http:\/\/risques.gouv.fr\/risques-technologiques\" target=\"_blank\">Le Portail interminist\u00e9riel de pr\u00e9vention des risques majeurs<\/a> a pour objectif d\u2019apporter les connaissances n\u00e9cessaires et les comportements \u00e0 adopter en situation de crise.<\/p>\n<p>&nbsp;<\/p>\n<p>&nbsp;<\/p>\n<p>&nbsp;<\/p>\n<p><a href=\"http:\/\/risques.gouv.fr\/\" target=\"_blank\"><img loading=\"lazy\" class=\"alignleft size-full wp-image-521\" title=\"risques_majeurs\" alt=\"\" src=\"http:\/\/www.pedagorisk.net\/enseignants\/wp-content\/uploads\/2012\/11\/risques_majeurs1.jpg\" width=\"150\" height=\"101\" \/><\/a><a href=\"http:\/\/risques.gouv.fr\/\" target=\"_blank\">Identifier les risques en France et en Europe<\/a> : Une carte interactive permet de consulter, par d\u00e9partement, les risques majeurs identifi\u00e9s localement et d&rsquo;acc\u00e9der aux liens utiles.<\/p>\n<p>&nbsp;<\/p>\n<p>&nbsp;<\/p>\n<p>&nbsp;<\/p>\n<p><a href=\"http:\/\/www.georisques.gouv.fr\/\" target=\"_blank\"><img loading=\"lazy\" class=\"alignleft size-full wp-image-1503\" alt=\"GeoRisques\" src=\"http:\/\/www.pedagorisk.net\/enseignants\/wp-content\/uploads\/2012\/11\/GeoRisques.jpg\" width=\"150\" height=\"115\" \/><\/a>L\u2019application <a href=\"http:\/\/www.georisques.gouv.fr\/\" target=\"_blank\">G\u00e9oRisques<\/a> (d\u00e9velopp\u00e9e par le Minist\u00e8re en charge de l\u2019Ecologie et le BRGM), met \u00e0 la disposition du public, des documents synth\u00e9tiques sur les risques naturels et technologiques, et permet la consultation de donn\u00e9es cartographiques sur les risques.<\/p>\n<p>&nbsp;<\/p>\n<p>&nbsp;<\/p>\n<p><span style=\"text-decoration: underline;\"><strong>Le risque nucl\u00e9aire<\/strong><\/span><\/p>\n<p>&nbsp;<\/p>\n<p><a href=\"http:\/\/www.risquesmajeurs.fr\/le-risque-nucleaire\" target=\"_blank\"><img loading=\"lazy\" class=\"alignleft size-full wp-image-523\" title=\"risque_nucleaire_prim\" alt=\"\" src=\"http:\/\/www.pedagorisk.net\/enseignants\/wp-content\/uploads\/2012\/11\/risque_nucleaire_prim.jpg\" width=\"150\" height=\"101\" \/><\/a>Prim.net, le portail de la pr\u00e9vention des risques majeurs, propose un dossier sur la radioactivit\u00e9, <a href=\"http:\/\/www.risquesmajeurs.fr\/le-risque-nucleaire\" target=\"_blank\">le risque nucl\u00e9aire<\/a> en France et dans le monde, les effets sur l&rsquo;homme, la gestion du risque, l&rsquo;organisation des secours et l&rsquo;indemnisation des dommages caus\u00e9s par un accident nucl\u00e9aire.<\/p>\n<p>&nbsp;<\/p>\n<p>&nbsp;<\/p>\n<p>&nbsp;<\/p>\n<p><a href=\"Commissariat \u00e0 l\u2019\u00e9nergie atomique et aux \u00e9nergies alternatives\" target=\"_blank\"><img loading=\"lazy\" class=\"alignleft size-full wp-image-524\" title=\"cea\" alt=\"\" src=\"http:\/\/www.pedagorisk.net\/enseignants\/wp-content\/uploads\/2012\/11\/cea.jpg\" width=\"150\" height=\"100\" \/><\/a><a href=\"http:\/\/www.cea.fr\/\" target=\"_blank\">Le CEA<\/a> (Commissariat \u00e0 l\u2019\u00e9nergie atomique et aux \u00e9nergies alternatives) fournit des renseignements sur l&rsquo;atome, la radioactivit\u00e9, les centrales nucl\u00e9aires, Une rubrique est r\u00e9serv\u00e9e aux enseignants et propose des ressources multim\u00e9dia (animations, posters, livrets p\u00e9dagogiques) et des id\u00e9es d&rsquo;activit\u00e9s . Par ailleurs, le CEA \u00e9dite la revue Les D\u00e9fis du CEA, \u00e0 laquelle il est possible de s&rsquo;abonner gratuitement.<\/p>\n<p>&nbsp;<\/p>\n<p>&nbsp;<\/p>\n<p><a href=\"http:\/\/www.irma-grenoble.com\/05documentation\/01publications_nucleaire_index.php\" target=\"_blank\"><img loading=\"lazy\" class=\"alignleft size-full wp-image-1190\" alt=\"irma_risque_nucleaire\" src=\"http:\/\/www.pedagorisk.net\/enseignants\/wp-content\/uploads\/2012\/11\/irma_risque_nucleaire.jpg\" width=\"150\" height=\"101\" \/>\u00ab\u00a0Le risque nucl\u00e9aire\u00a0\u00bb<\/a> : ce dossier r\u00e9alis\u00e9 par l&rsquo;IRMa, propose de faire un tour d\u2019horizon sur la question du risque nucl\u00e9aire en France, en fournissant des \u00e9l\u00e9ments de connaissance essentiels pour une participation l\u00e9gitime au d\u00e9bat sur la transition \u00e9nerg\u00e9tique.\u00a0Pour aller plus loin dans la d\u00e9couverte du sujet, diverses pistes vous sont sugg\u00e9r\u00e9es\u00a0: films, sites internet et autres dossiers multim\u00e9dia&#8230;<\/p>\n<p>&nbsp;<\/p>\n<p>&nbsp;<\/p>\n<p><a href=\"http:\/\/www.irma-grenoble.com\/04risques_rhone_alpes\/01atlas_region_index.php\" target=\"_blank\"><img loading=\"lazy\" class=\"alignleft size-full wp-image-1101\" alt=\"irma_atlas\" src=\"http:\/\/www.pedagorisk.net\/enseignants\/wp-content\/uploads\/2012\/11\/irma_atlas7.jpg\" width=\"150\" height=\"101\" \/>Cartographie du risque nucl\u00e9aire en Rh\u00f4ne-Alpes<\/a> (IRMa)<\/p>\n<p>&nbsp;<\/p>\n<p>&nbsp;<\/p>\n<p>&nbsp;<\/p>\n<p>&nbsp;<\/p>\n<p>&nbsp;<\/p>\n<p><a href=\"http:\/\/www.irsn.fr\/FR\/base_de_connaissances\/Pages\/Home.aspx\" target=\"_blank\"><img loading=\"lazy\" class=\"alignleft size-full wp-image-1108\" alt=\"irsn_connaissances_nucl\" src=\"http:\/\/www.pedagorisk.net\/enseignants\/wp-content\/uploads\/2012\/11\/irsn_connaissances_nucl2.jpg\" width=\"150\" height=\"101\" \/>La base de connaissances de l&rsquo;IRSN<\/a> (Institut de radioprotection et de s\u00fbret\u00e9 nucl\u00e9aire) porte sur plusieurs th\u00e8mes : les installations nucl\u00e9aires, l&rsquo;environnement, la sant\u00e9 et une \u00ab\u00a0Foire aux Questions\u00a0\u00bb permet d&rsquo;\u00e9largir le sujet.<\/p>\n<p>&nbsp;<\/p>\n<p>&nbsp;<\/p>\n<p>&nbsp;<\/p>\n<p><a href=\"http:\/\/environnement.irsn.fr\/\" target=\"_blank\"><img loading=\"lazy\" class=\"alignleft size-full wp-image-1106\" alt=\"irsn_environnement\" src=\"http:\/\/www.pedagorisk.net\/enseignants\/wp-content\/uploads\/2012\/11\/irsn_environnement.jpg\" width=\"150\" height=\"100\" \/><\/a>L&rsquo;IRSN diffuse des informations sur l&rsquo;\u00e9tat de <a href=\"http:\/\/environnement.irsn.fr\/\" target=\"_blank\">la radioactivit\u00e9 de l&rsquo;environnement en France <\/a>et publie le r\u00e9sultat de ses r\u00e9seaux de surveillance.<\/p>\n<p>&nbsp;<\/p>\n<p>&nbsp;<\/p>\n<p>&nbsp;<\/p>\n<p><a href=\"http:\/\/www.laradioactivite.com\/fr\/site\/pages\/intro.html\" target=\"_blank\"><img loading=\"lazy\" class=\"alignleft size-full wp-image-1193\" alt=\"radioactivitecom\" src=\"http:\/\/www.pedagorisk.net\/enseignants\/wp-content\/uploads\/2012\/11\/radioactivitecom.jpg\" width=\"150\" height=\"99\" \/>Radioactivit\u00e9.com<\/a> apporte un \u00e9clairage sur la radioactivit\u00e9, ses utilisations, le nucl\u00e9aire et les d\u00e9chets radioactif.<\/p>\n","protected":false},"excerpt":{"rendered":"<p>&nbsp; &nbsp; Le m\u00e9mento du maire et des \u00e9lus locaux est constitu\u00e9 de fiches qui d\u00e9crivent la nature de chaque risque, les risques qu&rsquo;il peut engendrer et la r\u00e9glementation qui s&rsquo;y rapporte. &nbsp; &nbsp; &nbsp; Le Portail interminist\u00e9riel de pr\u00e9vention des risques majeurs a pour objectif d\u2019apporter les connaissances n\u00e9cessaires \u2026 <a href=\"http:\/\/www.pedagorisk.net\/enseignants\/college\/les-risques-technologiques\/\"> Continue reading <span class=\"meta-nav\">&rarr; <\/span><\/a><\/p>\n","protected":false},"author":1,"featured_media":0,"parent":49,"menu_order":2,"comment_status":"closed","ping_status":"closed","template":"","meta":[],"_links":{"self":[{"href":"http:\/\/www.pedagorisk.net\/enseignants\/wp-json\/wp\/v2\/pages\/78"}],"collection":[{"href":"http:\/\/www.pedagorisk.net\/enseignants\/wp-json\/wp\/v2\/pages"}],"about":[{"href":"http:\/\/www.pedagorisk.net\/enseignants\/wp-json\/wp\/v2\/types\/page"}],"author":[{"embeddable":true,"href":"http:\/\/www.pedagorisk.net\/enseignants\/wp-json\/wp\/v2\/users\/1"}],"replies":[{"embeddable":true,"href":"http:\/\/www.pedagorisk.net\/enseignants\/wp-json\/wp\/v2\/comments?post=78"}],"version-history":[{"count":42,"href":"http:\/\/www.pedagorisk.net\/enseignants\/wp-json\/wp\/v2\/pages\/78\/revisions"}],"predecessor-version":[{"id":349,"href":"http:\/\/www.pedagorisk.net\/enseignants\/wp-json\/wp\/v2\/pages\/78\/revisions\/349"}],"up":[{"embeddable":true,"href":"http:\/\/www.pedagorisk.net\/enseignants\/wp-json\/wp\/v2\/pages\/49"}],"wp:attachment":[{"href":"http:\/\/www.pedagorisk.net\/enseignants\/wp-json\/wp\/v2\/media?parent=78"}],"curies":[{"name":"wp","href":"https:\/\/api.w.org\/{rel}","templated":true}]}}