{"id":293,"date":"2012-11-27T15:55:40","date_gmt":"2012-11-27T14:55:40","guid":{"rendered":"http:\/\/www.pedagorisk.net\/enseignants\/?page_id=293"},"modified":"2013-11-25T13:55:24","modified_gmt":"2013-11-25T12:55:24","slug":"exemples-de-travaux-deleves-2","status":"publish","type":"page","link":"http:\/\/www.pedagorisk.net\/enseignants\/college\/exemples-de-travaux-deleves-2\/","title":{"rendered":"Exemples de travaux d&rsquo;\u00e9l\u00e8ves"},"content":{"rendered":"<p>&nbsp;<\/p>\n<p>&nbsp;<\/p>\n<p><a href=\"http:\/\/www.assomption-bordeaux.com\/index.php?page=good-morning-lausanne\" target=\"_blank\"><img loading=\"lazy\" class=\"alignleft size-full wp-image-1464\" alt=\"Aqua_Fury\" src=\"http:\/\/www.pedagorisk.net\/enseignants\/wp-content\/uploads\/2012\/11\/Aqua_Fury.jpg\" width=\"150\" height=\"122\" \/><\/a>\u00a010 \u00e9l\u00e8ves du Coll\u00e8ge Assomption Ste-Clotilde \u00e0 Bordeaux, ont particip\u00e9 au concours 2013-2014 de la Lego League, et pr\u00e9sent\u00e9 <a href=\"http:\/\/www.assomption-bordeaux.com\/index.php?page=good-morning-lausanne\" target=\"_blank\">leur travail <\/a>sur les catastrophes naturelles : \u00ab\u00a0<strong><a href=\"http:\/\/fr.calameo.com\/books\/001480091deb7f7ce5a98\" target=\"_blank\">Aqua Fury<\/a><\/strong>\u00a0\u00bb ou, <strong>Comment combattre les inondations dans la r\u00e9gion bordelaise par des solutions innovantes&#8230;<\/strong><\/p>\n<p>&nbsp;<\/p>\n<p>&nbsp;<\/p>\n<p>&nbsp;<\/p>\n<p>&nbsp;<\/p>\n<p><a href=\"http:\/\/svt.ac-dijon.fr\/dyn\/article.php3?id_article=316\" target=\"_blank\"><img loading=\"lazy\" class=\"alignleft size-full wp-image-924\" alt=\"academie_dijon_creation_sismo\" src=\"http:\/\/www.pedagorisk.net\/enseignants\/wp-content\/uploads\/2012\/11\/academie_dijon_creation_sismo.jpg\" width=\"150\" height=\"101\" \/>Cr\u00e9ation d\u2019un sismom\u00e8tre virtuel<\/a> : Exemple d&rsquo;activit\u00e9 en classe de 4\u00e8me (Acad\u00e9mie de Dijon).<\/p>\n<p>&nbsp;<\/p>\n<p>&nbsp;<\/p>\n<p>&nbsp;<\/p>\n<p>&nbsp;<\/p>\n<p><a href=\"http:\/\/educationenv.ac-dijon.fr\/spip.php?article403\" target=\"_blank\"><img loading=\"lazy\" class=\"alignleft size-full wp-image-1169\" alt=\"academie_dijon_college_monge\" src=\"http:\/\/www.pedagorisk.net\/enseignants\/wp-content\/uploads\/2012\/11\/academie_dijon_college_monge.jpg\" width=\"150\" height=\"101\" \/>Le Coll\u00e8ge Monge<\/a> de Beaune (C\u00f4te d&rsquo;Or) pr\u00e9sente des vid\u00e9os de travaux r\u00e9alis\u00e9s par 4 classes de 4\u00e8me sur la th\u00e9matique des volcans.<\/p>\n<p>&nbsp;<\/p>\n<p>&nbsp;<\/p>\n<p>&nbsp;<\/p>\n<p>&nbsp;<\/p>\n<p><img loading=\"lazy\" class=\"alignleft size-full wp-image-1171\" alt=\"academie_dijon_parlez_moi\" src=\"http:\/\/www.pedagorisk.net\/enseignants\/wp-content\/uploads\/2012\/11\/academie_dijon_parlez_moi.jpg\" width=\"150\" height=\"101\" \/> \u00ab\u00a0<a href=\"http:\/\/developpementdurable.ac-dijon.fr\/spip.php?article398\" target=\"_blank\">Parlez-moi des risques majeurs et de leur pr\u00e9vention\u00a0\u00bb<\/a> : des classes de 4e SVT 2010\/2011 (Acad\u00e9mie de Dijon) ont r\u00e9alis\u00e9 des travaux sur 3 probl\u00e9matiques par le biais de l\u2019outil informatique (logiciel de simulation, cahiers virtuels, traitement de texte\u2026) : les tremblements de terre, l&rsquo;\u00e9tude des volcans, et l&rsquo;\u00e9tude des inondations.<\/p>\n<p>&nbsp;<\/p>\n<p>&nbsp;<\/p>\n<p>&nbsp;<\/p>\n<p><a href=\"http:\/\/rme.ac-rouen.fr\/les1.htm#realisations\" target=\"_blank\"><img loading=\"lazy\" class=\"alignleft size-full wp-image-1119\" alt=\"academie_rouen_rme\" src=\"http:\/\/www.pedagorisk.net\/enseignants\/wp-content\/uploads\/2012\/11\/academie_rouen_rme2.jpg\" width=\"150\" height=\"100\" \/>L&rsquo;Acad\u00e9mie de Rouen<\/a> (Risques Majeurs et Environnement) propose des ressources p\u00e9dagogiques sur les diff\u00e9rents risques naturels et technologiques et pr\u00e9sente des exemples de <a href=\"http:\/\/rme.ac-rouen.fr\/les1.htm#realisations\" target=\"_blank\">travaux d&rsquo;\u00e9l\u00e8ves.<\/a><\/p>\n","protected":false},"excerpt":{"rendered":"<p>&nbsp; &nbsp; \u00a010 \u00e9l\u00e8ves du Coll\u00e8ge Assomption Ste-Clotilde \u00e0 Bordeaux, ont particip\u00e9 au concours 2013-2014 de la Lego League, et pr\u00e9sent\u00e9 leur travail sur les catastrophes naturelles : \u00ab\u00a0Aqua Fury\u00a0\u00bb ou, Comment combattre les inondations dans la r\u00e9gion bordelaise par des solutions innovantes&#8230; &nbsp; &nbsp; &nbsp; &nbsp; Cr\u00e9ation d\u2019un sismom\u00e8tre \u2026 <a href=\"http:\/\/www.pedagorisk.net\/enseignants\/college\/exemples-de-travaux-deleves-2\/\"> Continue reading <span class=\"meta-nav\">&rarr; <\/span><\/a><\/p>\n","protected":false},"author":1,"featured_media":0,"parent":49,"menu_order":9,"comment_status":"closed","ping_status":"closed","template":"","meta":[],"_links":{"self":[{"href":"http:\/\/www.pedagorisk.net\/enseignants\/wp-json\/wp\/v2\/pages\/293"}],"collection":[{"href":"http:\/\/www.pedagorisk.net\/enseignants\/wp-json\/wp\/v2\/pages"}],"about":[{"href":"http:\/\/www.pedagorisk.net\/enseignants\/wp-json\/wp\/v2\/types\/page"}],"author":[{"embeddable":true,"href":"http:\/\/www.pedagorisk.net\/enseignants\/wp-json\/wp\/v2\/users\/1"}],"replies":[{"embeddable":true,"href":"http:\/\/www.pedagorisk.net\/enseignants\/wp-json\/wp\/v2\/comments?post=293"}],"version-history":[{"count":21,"href":"http:\/\/www.pedagorisk.net\/enseignants\/wp-json\/wp\/v2\/pages\/293\/revisions"}],"predecessor-version":[{"id":878,"href":"http:\/\/www.pedagorisk.net\/enseignants\/wp-json\/wp\/v2\/pages\/293\/revisions\/878"}],"up":[{"embeddable":true,"href":"http:\/\/www.pedagorisk.net\/enseignants\/wp-json\/wp\/v2\/pages\/49"}],"wp:attachment":[{"href":"http:\/\/www.pedagorisk.net\/enseignants\/wp-json\/wp\/v2\/media?parent=293"}],"curies":[{"name":"wp","href":"https:\/\/api.w.org\/{rel}","templated":true}]}}