{"id":286,"date":"2012-11-27T15:52:23","date_gmt":"2012-11-27T14:52:23","guid":{"rendered":"http:\/\/www.pedagorisk.net\/enseignants\/?page_id=286"},"modified":"2013-11-05T12:16:37","modified_gmt":"2013-11-05T11:16:37","slug":"etudes-de-cas-risque-technologique","status":"publish","type":"page","link":"http:\/\/www.pedagorisk.net\/enseignants\/college\/etudes-de-cas-risque-technologique\/","title":{"rendered":"Etudes de cas risque technologique"},"content":{"rendered":"<p>&nbsp;<\/p>\n<p>&nbsp;<\/p>\n<p><a href=\"http:\/\/crdp.ac-amiens.fr\/textesofficielsedd\/index.php\/actualite\/984-japon-mars-2011-seisme-tsunami-rissqaue-nucleair-et-developpement-durable \" target=\"_blank\"><img loading=\"lazy\" class=\"alignleft size-full wp-image-538\" title=\"crdp_amiens_fukush\" alt=\"\" src=\"http:\/\/www.pedagorisk.net\/enseignants\/wp-content\/uploads\/2012\/11\/crdp_amiens_fukush1.jpg\" width=\"150\" height=\"101\" \/><\/a>Le <a href=\"http:\/\/crdp.ac-amiens.fr\/textesofficielsedd\/index.php\/actualite\/984-japon-mars-2011-seisme-tsunami-rissqaue-nucleair-et-developpement-durable \" target=\"_blank\">CRDP Acad\u00e9mie d&rsquo;Amiens<\/a> &#8211; P\u00f4le national de comp\u00e9tence Education au D\u00e9veloppement durable recense plusieurs liens utiles autour de la catastrophe de <strong>Fukushima<\/strong>, \u00e0 la fois naturelle et technologique.<\/p>\n<p>&nbsp;<\/p>\n<p>&nbsp;<\/p>\n<p>&nbsp;<\/p>\n<p><a href=\"http:\/\/www.irma-grenoble.com\/01actualite\/01actualite_japon.php\" target=\"_blank\"><img loading=\"lazy\" class=\"alignleft size-full wp-image-539\" title=\"irma_fukush\" alt=\"\" src=\"http:\/\/www.pedagorisk.net\/enseignants\/wp-content\/uploads\/2012\/11\/irma_fukush1.jpg\" width=\"150\" height=\"100\" \/><\/a><a href=\"http:\/\/www.irma-grenoble.com\/01actualite\/01actualite_japon.php\" target=\"_blank\">Dossier sp\u00e9cial multim\u00e9dia<\/a> <strong>Fukushima<\/strong> r\u00e9alis\u00e9 par l&rsquo;IRMa.<\/p>\n<p>&nbsp;<\/p>\n<p>&nbsp;<\/p>\n<p>&nbsp;<\/p>\n<p>&nbsp;<\/p>\n<p><a href=\"http:\/\/www.irsn.fr\/FR\/connaissances\/Installations_nucleaires\/Les-accidents-nucleaires\/accident-fukushima-2011\/Pages\/sommaire.aspx\" target=\"_blank\"><img loading=\"lazy\" class=\"alignleft size-full wp-image-1197\" alt=\"irsn_fukishima\" src=\"http:\/\/www.pedagorisk.net\/enseignants\/wp-content\/uploads\/2012\/11\/irsn_fukishima.jpg\" width=\"150\" height=\"101\" \/>L&rsquo;accident \u00e0 la centrale de<\/a> <strong>Fukushima Daiichi<\/strong> (Japon)\u00a0 : ce dossier d&rsquo;information de l&rsquo;IRSN regroupe l&rsquo;ensemble des informations diffus\u00e9es par l&rsquo;IRSN du 11 mars \u00e0 fin d\u00e9cembre 2011. Il traite des cons\u00e9quences de l&rsquo;accident sur le territoire japonais et \u00e0 l&rsquo;\u00e9chelle mondiale, et comprend des foires aux questions.<\/p>\n<h1><\/h1>\n<p>&nbsp;<\/p>\n<p>&nbsp;<\/p>\n<p><a href=\"http:\/\/rme.ac-rouen.fr\/azf.htm\" target=\"_blank\"><img loading=\"lazy\" class=\"alignleft size-full wp-image-1119\" alt=\"academie_rouen_rme\" src=\"http:\/\/www.pedagorisk.net\/enseignants\/wp-content\/uploads\/2012\/11\/academie_rouen_rme2.jpg\" width=\"150\" height=\"100\" \/>La catastrophe de l&rsquo;usine <strong>AZF<\/strong><\/a> \u00e0 Toulouse le 21 septembre 2001 : dossier p\u00e9dagogique r\u00e9alis\u00e9 par l&rsquo;\u00e9quipe RME de l&rsquo;Acad\u00e9mie de Rouen.<\/p>\n<p>&nbsp;<\/p>\n<p>&nbsp;<\/p>\n<p>&nbsp;<\/p>\n<p><a href=\"http:\/\/www.azf.fr\/page-d-accueil-800251.html\" target=\"_blank\"><img loading=\"lazy\" class=\"alignleft size-full wp-image-1212\" alt=\"azf\" src=\"http:\/\/www.pedagorisk.net\/enseignants\/wp-content\/uploads\/2012\/11\/azf.jpg\" width=\"150\" height=\"99\" \/>L&rsquo;usine AZF Grande Paroisse<\/a> de Toulouse : son histoire, ses activit\u00e9s, la s\u00e9curit\u00e9 du site.<\/p>\n<p>&nbsp;<\/p>\n<p>&nbsp;<\/p>\n<p>&nbsp;<\/p>\n<p>&nbsp;<\/p>\n<p><a href=\"http:\/\/www.irsn.fr\/FR\/base_de_connaissances\/Installations_nucleaires\/La_surete_Nucleaire\/Les-accidents-nucleaires\/accident-tchernobyl-1986\/Pages\/sommaire.aspx\" target=\"_blank\"><img loading=\"lazy\" class=\"alignleft size-full wp-image-540\" title=\"irsn_tcherno\" alt=\"\" src=\"http:\/\/www.pedagorisk.net\/enseignants\/wp-content\/uploads\/2012\/11\/irsn_tcherno.jpg\" width=\"150\" height=\"101\" \/><\/a><a href=\"http:\/\/www.irsn.fr\/FR\/base_de_connaissances\/Installations_nucleaires\/La_surete_Nucleaire\/Les-accidents-nucleaires\/accident-tchernobyl-1986\/Pages\/sommaire.aspx\" target=\"_blank\"><strong>Tchernobyl<\/strong> <\/a>(26 avril 1986) : L\u2019IRSN (Institut de Radioprotection et de S\u00fbret\u00e9 Nucl\u00e9aire) propose une s\u00e9rie de <a href=\"http:\/\/www.irsn.fr\/FR\/base_de_connaissances\/librairie\/Publications_grand_public\/Pages\/environnement.aspx\" target=\"_blank\">dix fiches th\u00e9matiques<\/a> pour comprendre les cons\u00e9quences de l\u2019accident de Tchernobyl en France.<\/p>\n<p>&nbsp;<\/p>\n<p>&nbsp;<\/p>\n<p>&nbsp;<\/p>\n<p><a href=\"http:\/\/frejus59.fr\/\" target=\"_blank\"><img loading=\"lazy\" class=\"alignleft  wp-image-598\" title=\"frejus_59\" alt=\"\" src=\"http:\/\/www.pedagorisk.net\/enseignants\/wp-content\/uploads\/2012\/11\/frejus_59.jpg\" width=\"150\" height=\"100\" \/><\/a><a href=\"http:\/\/frejus59.fr\/\" target=\"_blank\">La rupture du barrage de <strong>Malpasset<\/strong><\/a> (2 d\u00e9cembre 1959) : \u00ab\u00a0Fr\u00e9jus 59\u00a0\u00bb est un site d\u00e9di\u00e9 \u00e0 la catastrophe : images, vid\u00e9os, reconstitution du passage de la vague.<\/p>\n<p>&nbsp;<\/p>\n<p>&nbsp;<\/p>\n<p>&nbsp;<\/p>\n<p>&nbsp;<\/p>\n<p><a href=\"http:\/\/www.risquesmajeurs.fr\/il-y-50-ans-la-rupture-du-barrage-de-malpasset-plus-grande-catastrophe-civile-de-lhistoire-de-France\" target=\"_blank\"><img loading=\"lazy\" class=\"alignleft size-full wp-image-541\" title=\"malpasset_prim\" alt=\"\" src=\"http:\/\/www.pedagorisk.net\/enseignants\/wp-content\/uploads\/2012\/11\/malpasset_prim.jpg\" width=\"150\" height=\"101\" \/><\/a>\u00ab\u00a0Il y a 50 ans : <a href=\"http:\/\/www.risquesmajeurs.fr\/il-y-50-ans-la-rupture-du-barrage-de-malpasset-plus-grande-catastrophe-civile-de-lhistoire-de-France\" target=\"_blank\">la rupture du barrage de <strong>Malpasset<\/strong><\/a>, la plus grande catastrophe civile de l&rsquo;histoire de France\u00a0\u00bb <a href=\"http:\/\/www.risquesmajeurs.fr\/il-y-50-ans-la-rupture-du-barrage-de-malpasset-plus-grande-catastrophe-civile-de-lhistoire-de-France\" target=\"_blank\">Prim.net<\/a>, le portail de la pr\u00e9vention des risques, du minist\u00e8re en charge de l&rsquo;\u00e9cologie, revient sur les circonstances de la catastrophe et ses cons\u00e9quences.<\/p>\n<p>&nbsp;<\/p>\n<p>&nbsp;<\/p>\n<p>&nbsp;<\/p>\n<p><a href=\"http:\/\/hist-geo.spip.ac-rouen.fr\/spip.php?article5344\" target=\"_blank\"><img loading=\"lazy\" class=\"alignleft size-full wp-image-922\" alt=\"academie_rouen_havre\" src=\"http:\/\/www.pedagorisk.net\/enseignants\/wp-content\/uploads\/2012\/11\/academie_rouen_havre.jpg\" width=\"150\" height=\"101\" \/>Etude de cas<\/a> : les risques li\u00e9s aux activit\u00e9s \u00e9conomiques dans l\u2019agglom\u00e9ration du Havre (Seine-Maritime).<\/p>\n<p>&nbsp;<\/p>\n<p>&nbsp;<\/p>\n<p>&nbsp;<\/p>\n<p><strong><span style=\"text-decoration: underline;\">Rechercher un \u00e9v\u00e9nement<\/span><\/strong><\/p>\n<p><a href=\"http:\/\/memoiredescatastrophes.org\/\" target=\"_blank\"><img loading=\"lazy\" class=\"alignleft size-full wp-image-1455\" alt=\"ihmec\" src=\"http:\/\/www.pedagorisk.net\/enseignants\/wp-content\/uploads\/2012\/11\/ihmec1.jpg\" width=\"150\" height=\"100\" \/><\/a>L\u2019institut pour l\u2019histoire et la m\u00e9moire des catastrophes (IHM\u00e9C), avec le soutien du Minist\u00e8re du D\u00e9veloppement durable, propose un site, \u00ab\u00a0<a href=\"http:\/\/memoiredescatastrophes.org\/\" target=\"_blank\">M\u00e9moire des catastrophes<\/a>\u00ab\u00a0, qui a pour vocation de constituer une banque de t\u00e9moignages dans une d\u00e9marche d\u2019\u00e9ducation et d\u2019enrichissement culturel et citoyen. Des archives de l\u2019INA et des t\u00e9moignages viennent illustrer ce r\u00e9pertoire des catastrophes.<\/p>\n","protected":false},"excerpt":{"rendered":"<p>&nbsp; &nbsp; Le CRDP Acad\u00e9mie d&rsquo;Amiens &#8211; P\u00f4le national de comp\u00e9tence Education au D\u00e9veloppement durable recense plusieurs liens utiles autour de la catastrophe de Fukushima, \u00e0 la fois naturelle et technologique. &nbsp; &nbsp; &nbsp; Dossier sp\u00e9cial multim\u00e9dia Fukushima r\u00e9alis\u00e9 par l&rsquo;IRMa. &nbsp; &nbsp; &nbsp; &nbsp; L&rsquo;accident \u00e0 la centrale de \u2026 <a href=\"http:\/\/www.pedagorisk.net\/enseignants\/college\/etudes-de-cas-risque-technologique\/\"> Continue reading <span class=\"meta-nav\">&rarr; <\/span><\/a><\/p>\n","protected":false},"author":1,"featured_media":0,"parent":49,"menu_order":4,"comment_status":"closed","ping_status":"closed","template":"","meta":[],"_links":{"self":[{"href":"http:\/\/www.pedagorisk.net\/enseignants\/wp-json\/wp\/v2\/pages\/286"}],"collection":[{"href":"http:\/\/www.pedagorisk.net\/enseignants\/wp-json\/wp\/v2\/pages"}],"about":[{"href":"http:\/\/www.pedagorisk.net\/enseignants\/wp-json\/wp\/v2\/types\/page"}],"author":[{"embeddable":true,"href":"http:\/\/www.pedagorisk.net\/enseignants\/wp-json\/wp\/v2\/users\/1"}],"replies":[{"embeddable":true,"href":"http:\/\/www.pedagorisk.net\/enseignants\/wp-json\/wp\/v2\/comments?post=286"}],"version-history":[{"count":22,"href":"http:\/\/www.pedagorisk.net\/enseignants\/wp-json\/wp\/v2\/pages\/286\/revisions"}],"predecessor-version":[{"id":537,"href":"http:\/\/www.pedagorisk.net\/enseignants\/wp-json\/wp\/v2\/pages\/286\/revisions\/537"}],"up":[{"embeddable":true,"href":"http:\/\/www.pedagorisk.net\/enseignants\/wp-json\/wp\/v2\/pages\/49"}],"wp:attachment":[{"href":"http:\/\/www.pedagorisk.net\/enseignants\/wp-json\/wp\/v2\/media?parent=286"}],"curies":[{"name":"wp","href":"https:\/\/api.w.org\/{rel}","templated":true}]}}