{"id":282,"date":"2012-11-27T11:35:35","date_gmt":"2012-11-27T10:35:35","guid":{"rendered":"http:\/\/www.pedagorisk.net\/enseignants\/?page_id=282"},"modified":"2013-07-23T15:21:52","modified_gmt":"2013-07-23T14:21:52","slug":"documentation","status":"publish","type":"page","link":"http:\/\/www.pedagorisk.net\/enseignants\/lycee\/documentation\/","title":{"rendered":"Documentation"},"content":{"rendered":"<p>&nbsp;<\/p>\n<p><a href=\"http:\/\/catalogue.prim.net\/43_les-risques-majeurs---guide-general.html\" target=\"_blank\"><img loading=\"lazy\" class=\"alignleft size-full wp-image-1276\" alt=\"risques_majeurs_guide_prim\" src=\"http:\/\/www.pedagorisk.net\/enseignants\/wp-content\/uploads\/2012\/11\/risques_majeurs_guide_prim3.jpg\" width=\"150\" height=\"100\" \/><\/a>Le dossier d\u2019information, <a href=\"http:\/\/catalogue.prim.net\/43_les-risques-majeurs---guide-general.html\" target=\"_blank\">\u00ab\u00a0Les risques majeurs \u2013 guide g\u00e9n\u00e9ral\u00a0\u00bb<\/a>, \u00e9dit\u00e9 par le minist\u00e8re du d\u00e9veloppement durable, pr\u00e9sente les principaux \u00e9l\u00e9ments de connaissance sur les risques naturels et technologiques en France. <a href=\"http:\/\/catalogue.prim.net\/index.html\" target=\"_blank\">Le catalogue g\u00e9n\u00e9ral <\/a>donne acc\u00e8s \u00e0 diverses ressources t\u00e9l\u00e9chargeables en relation avec les risques.<\/p>\n<p>&nbsp;<\/p>\n<p>&nbsp;<\/p>\n<p>&nbsp;<\/p>\n<p><a href=\"http:\/\/www.irma-grenoble.com\/05documentation\/00bibliotheque_selection_theme.php?idSelection=6\" target=\"_blank\"><img loading=\"lazy\" class=\"alignleft size-full wp-image-943\" alt=\"Logo_IRMa_11\" src=\"http:\/\/www.pedagorisk.net\/enseignants\/wp-content\/uploads\/2013\/02\/Logo_IRMa_11.png\" width=\"110\" height=\"106\" \/>S\u00e9lection bibliographique<\/a> tous niveaux issue de la biblioth\u00e8que de l\u2019IRMa : \u00ab\u00a0Sensibiliser les jeunes aux risques majeurs\u00a0\u00bb.<\/p>\n<p>&nbsp;<\/p>\n<p>&nbsp;<\/p>\n<p>&nbsp;<\/p>\n<p>&nbsp;<\/p>\n<p><a href=\"http:\/\/www.irma-grenoble.com\/05documentation\/01publications_index.php\" target=\"_blank\"><img loading=\"lazy\" class=\"alignleft size-full wp-image-1270\" alt=\"irma_expo\" src=\"http:\/\/www.pedagorisk.net\/enseignants\/wp-content\/uploads\/2012\/11\/irma_expo1.jpg\" width=\"150\" height=\"100\" \/><\/a>L\u2019IRMa propose le t\u00e9l\u00e9chargement de ses <a href=\"http:\/\/www.irma-grenoble.com\/05documentation\/01publications_index.php\" target=\"_blank\">publications<\/a> : plaquettes d\u2019information, guides, revue semestrielle \u00ab\u00a0Risques Infos\u00a0\u00bb\u2026<\/p>\n<p>&nbsp;<\/p>\n<p>&nbsp;<\/p>\n<p>&nbsp;<\/p>\n<p><a href=\"http:\/\/www.irma-grenoble.com\/05documentation\/01publications_brochure_index.php\" target=\"_blank\"><img loading=\"lazy\" class=\"alignleft size-full wp-image-1369\" alt=\"Risques_majeurs_Isere\" src=\"http:\/\/www.pedagorisk.net\/enseignants\/wp-content\/uploads\/2012\/11\/Risques_majeurs_Isere.jpg\" width=\"150\" height=\"111\" \/><\/a>La brochure <a href=\"http:\/\/www.irma-grenoble.com\/05documentation\/01publications_brochure_index.php\" target=\"_blank\">\u00ab\u00a0Les risques majeurs en Is\u00e8re\u00a0\u00bb<\/a>, \u00e9dit\u00e9e par l\u2019IRMa, et r\u00e9alis\u00e9e avec le concours de sp\u00e9cialistes et d\u2019experts, a pour ambition de faire conna\u00eetre pour chaque risque r\u00e9pertori\u00e9 : leur localisation, les parades et les moyens mis en \u0153uvre pour les \u00e9viter, les consignes individuelles de s\u00e9curit\u00e9 \u00e0 respecter en cas d\u2019accident majeur.<\/p>\n","protected":false},"excerpt":{"rendered":"<p>&nbsp; Le dossier d\u2019information, \u00ab\u00a0Les risques majeurs \u2013 guide g\u00e9n\u00e9ral\u00a0\u00bb, \u00e9dit\u00e9 par le minist\u00e8re du d\u00e9veloppement durable, pr\u00e9sente les principaux \u00e9l\u00e9ments de connaissance sur les risques naturels et technologiques en France. Le catalogue g\u00e9n\u00e9ral donne acc\u00e8s \u00e0 diverses ressources t\u00e9l\u00e9chargeables en relation avec les risques. &nbsp; &nbsp; &nbsp; S\u00e9lection bibliographique \u2026 <a href=\"http:\/\/www.pedagorisk.net\/enseignants\/lycee\/documentation\/\"> Continue reading <span class=\"meta-nav\">&rarr; <\/span><\/a><\/p>\n","protected":false},"author":1,"featured_media":0,"parent":51,"menu_order":9,"comment_status":"closed","ping_status":"closed","template":"","meta":[],"_links":{"self":[{"href":"http:\/\/www.pedagorisk.net\/enseignants\/wp-json\/wp\/v2\/pages\/282"}],"collection":[{"href":"http:\/\/www.pedagorisk.net\/enseignants\/wp-json\/wp\/v2\/pages"}],"about":[{"href":"http:\/\/www.pedagorisk.net\/enseignants\/wp-json\/wp\/v2\/types\/page"}],"author":[{"embeddable":true,"href":"http:\/\/www.pedagorisk.net\/enseignants\/wp-json\/wp\/v2\/users\/1"}],"replies":[{"embeddable":true,"href":"http:\/\/www.pedagorisk.net\/enseignants\/wp-json\/wp\/v2\/comments?post=282"}],"version-history":[{"count":7,"href":"http:\/\/www.pedagorisk.net\/enseignants\/wp-json\/wp\/v2\/pages\/282\/revisions"}],"predecessor-version":[{"id":1329,"href":"http:\/\/www.pedagorisk.net\/enseignants\/wp-json\/wp\/v2\/pages\/282\/revisions\/1329"}],"up":[{"embeddable":true,"href":"http:\/\/www.pedagorisk.net\/enseignants\/wp-json\/wp\/v2\/pages\/51"}],"wp:attachment":[{"href":"http:\/\/www.pedagorisk.net\/enseignants\/wp-json\/wp\/v2\/media?parent=282"}],"curies":[{"name":"wp","href":"https:\/\/api.w.org\/{rel}","templated":true}]}}