{"id":280,"date":"2012-11-27T11:35:22","date_gmt":"2012-11-27T10:35:22","guid":{"rendered":"http:\/\/www.pedagorisk.net\/enseignants\/?page_id=280"},"modified":"2017-03-13T12:22:59","modified_gmt":"2017-03-13T11:22:59","slug":"outils-pedagogiques","status":"publish","type":"page","link":"http:\/\/www.pedagorisk.net\/enseignants\/lycee\/outils-pedagogiques\/","title":{"rendered":"Outils p\u00e9dagogiques"},"content":{"rendered":"<p>&nbsp;<\/p>\n<p>&nbsp;<\/p>\n<p><a href=\"http:\/\/risques-majeurs.info\/\" target=\"_blank\"><img loading=\"lazy\" class=\"alignleft size-full wp-image-1414\" alt=\"Iff-RME_boite-idees\" src=\"http:\/\/www.pedagorisk.net\/enseignants\/wp-content\/uploads\/2012\/11\/Iff-RME_boite-idees.jpg\" width=\"150\" height=\"99\" \/><\/a>L\u2019IFFO-RME (Institut Fran\u00e7ais des Formateurs Risques Majeurs et protection de l\u2019Environnement ) a r\u00e9alis\u00e9 <a href=\"http:\/\/risques-majeurs.info\/\" target=\"_blank\">un guide des actions<\/a> et des acteurs de la Culture du Risque Majeur, sous forme d\u2019un site Internet. Ce Guide est une \u00ab\u00a0boite \u00e0 id\u00e9es\u00a0\u00bb, un inventaire non exhaustif d\u2019actions et d&rsquo;initiatives r\u00e9alis\u00e9es en mati\u00e8re de pr\u00e9vention des risques majeurs d&rsquo;origine naturelle ou technologique.<\/p>\n<p>&nbsp;<\/p>\n<p>&nbsp;<\/p>\n<p><img loading=\"lazy\" class=\"alignleft size-full wp-image-1223\" alt=\"brgm_jeunes\" src=\"http:\/\/www.pedagorisk.net\/enseignants\/wp-content\/uploads\/2012\/11\/brgm_jeunes.jpg\" width=\"150\" height=\"99\" \/>Le BRGM (Bureau de Recherches G\u00e9ologiques et Mini\u00e8res) propose une visite virtuelle de son exposition \u00ab\u00a0<a href=\"http:\/\/www.brgm.fr\/evenements\/que-enseignent-seismes-passes\" target=\"_blank\">Que nous enseignent les s\u00e9ismes pass\u00e9s ?<\/a>\u00ab\u00a0. Des posters rappellent les caract\u00e9ristiques et les enseignements tir\u00e9s d&rsquo;une s\u00e9lection de s\u00e9ismes majeurs (Lorca, Ha\u00efti, Annecy, Izmit, Sumatra&#8230;).<\/p>\n<p>&nbsp;<\/p>\n<p>&nbsp;<\/p>\n<p>&nbsp;<\/p>\n<p><a href=\"http:\/\/www.cndp.fr\/tdc\/tous-les-numeros\/paris-inonde.html\" target=\"_blank\"><img loading=\"lazy\" class=\"alignleft size-full wp-image-912\" alt=\"tdc\" src=\"http:\/\/www.pedagorisk.net\/enseignants\/wp-content\/uploads\/2012\/11\/tdc.jpg\" width=\"150\" height=\"101\" \/>TDC La revue des enseignants<\/a> consacre un num\u00e9ro sp\u00e9cial au 100\u00e8me anniversaire de la crue de la Seine en 1910. Des ressources p\u00e9dagogiques sur les actions de pr\u00e9vention et des vid\u00e9os sont propos\u00e9es parall\u00e8lement : <a title=\"Pays riches, pays pauvres face aux crues - Nouvelle fen\u00eatre\" href=\"http:\/\/www.cndp.fr\/tdc\/fileadmin\/docs\/tdc_990_paris_inonde\/fiche_pedagogique_ecole.pdf\" target=\"_blank\">Pays riches, pays pauvres face aux crues<\/a>, <a title=\"En attendant la grande crue - Nouvelle fen\u00eatre\" href=\"http:\/\/www.cndp.fr\/tdc\/fileadmin\/docs\/tdc_990_paris_inonde\/fiche_pedagogique.pdf\" target=\"_blank\">En attendant la grande crue.<\/a><\/p>\n<p>&nbsp;<\/p>\n<p>&nbsp;<\/p>\n<p>&nbsp;<\/p>\n<p><a href=\"http:\/\/www.stopdisastersgame.org\/fr\/home.html\" target=\"_blank\"><img loading=\"lazy\" class=\"alignleft size-full wp-image-623\" title=\"jeu_halte_catastrophe\" alt=\"\" src=\"http:\/\/www.pedagorisk.net\/enseignants\/wp-content\/uploads\/2012\/11\/jeu_halte_catastrophe.jpg\" width=\"150\" height=\"101\" \/><\/a><\/p>\n<p><a href=\"http:\/\/www.stopdisastersgame.org\/fr\/home.html\" target=\"_blank\">Le jeu \u00ab\u00a0Halte aux catastrophes\u00a0\u00bb<\/a> : Jeu de simulation d\u00e9velopp\u00e9 par\u00a0 l\u2019ONU (Organisation des Nations unies), \u00ab\u00a0Halte aux catastrophes\u00a0\u00bb a pour objectif de sensibiliser les 9-16 ans aux risques naturels. But du jeu : int\u00e9grer des m\u00e9thodes de pr\u00e9vention et construire un environnement plus s\u00fbr pour les populations expos\u00e9es aux risques (construire des maisons parasismiques, \u00e9riger des digues ou des zones d\u2019expansion de crues ou encore maitriser l\u2019urbanisation dans les zones \u00e0 risques).<\/p>\n<p>&nbsp;<\/p>\n<p>&nbsp;<\/p>\n<p><a href=\"http:\/\/www.minimrisk.fr\/index.htm\" target=\"_blank\"><img loading=\"lazy\" class=\"alignleft size-full wp-image-624\" title=\"minirisk\" alt=\"\" src=\"http:\/\/www.pedagorisk.net\/enseignants\/wp-content\/uploads\/2012\/11\/minirisk.jpg\" width=\"150\" height=\"99\" \/>\u00ab\u00a0SRIK\u00a0\u00bb : Sensibiliser aux risques industriels <\/a>: Jeu de soci\u00e9t\u00e9 p\u00e9dagogique et ludique pour apprendre le risque industriel : \u2013 information pr\u00e9ventive \u2013 r\u00e9glementation \u2013 sir\u00e8nes d\u2019alarme, pictogrammes, espace d\u2019information, gestion de crise, post-crise\u2026 \u2013 liste de ressources et de sites web.<\/p>\n<p>&nbsp;<\/p>\n<p>&nbsp;<\/p>\n<p>&nbsp;<\/p>\n<p>&nbsp;<\/p>\n<p><a href=\"http:\/\/www2.cndp.fr\/eedd\/AleasEnjeux\/ouvrage.htm\" target=\"_blank\"><img loading=\"lazy\" class=\"alignleft size-full wp-image-647\" title=\"aleas_et_enjeux\" alt=\"\" src=\"http:\/\/www.pedagorisk.net\/enseignants\/wp-content\/uploads\/2012\/11\/aleas_et_enjeux.jpg\" width=\"150\" height=\"101\" \/><\/a><a href=\"http:\/\/www2.cndp.fr\/eedd\/AleasEnjeux\/ouvrage.htm\" target=\"_blank\">\u00ab\u00a0Al\u00e9as et enjeux\u00a0\u00bb<\/a> : Num\u00e9ros sp\u00e9ciaux de TDC (textes et documents pour la classe) &#8211; 10 num\u00e9ros sp\u00e9ciaux, trait\u00e9s soit par territoire (montagne, ville, littoral, espace rural, DOM-TOM) soit par al\u00e9a (glissements de terrain, s\u00e9ismes et volcans) (consultable \u00e0 l&rsquo;IRMa).<\/p>\n<p>&nbsp;<\/p>\n<p>&nbsp;<\/p>\n<p>&nbsp;<\/p>\n<p><a href=\"http:\/\/www.asn.fr\/Informer\/Centre-d-information-du-public\/Exposition-temporaire\" target=\"_blank\"><img loading=\"lazy\" class=\"alignleft size-full wp-image-1492\" alt=\"Expo_ASN\" src=\"http:\/\/www.pedagorisk.net\/enseignants\/wp-content\/uploads\/2012\/11\/Expo_ASN.jpg\" width=\"150\" height=\"110\" \/><\/a>\u00ab\u00a0<a href=\"http:\/\/www.asn.fr\/Informer\/Centre-d-information-du-public\/Exposition-temporaire\" target=\"_blank\">La s\u00fbret\u00e9 nucl\u00e9aire ? Question centrale !<\/a>\u00a0\u00bb : l&rsquo;ASN (Autorit\u00e9 de s\u00fbret\u00e9 nucl\u00e9aire)\u00a0 propose une exposition scientifique pour r\u00e9pondre aux questions que l&rsquo;on se pose sur la radioactivit\u00e9 et ses effets, le fonctionnement\u00a0des centrales nucl\u00e9aires, le contr\u00f4le de la s\u00fbret\u00e9, les situations accidentelles.<\/p>\n<p>&nbsp;<\/p>\n<p>&nbsp;<\/p>\n<p>&nbsp;<\/p>\n<p>&nbsp;<\/p>\n<p>&nbsp;<\/p>\n<p><a href=\"http:\/\/www.andra.fr\/laradioactivite\/\" target=\"_blank\"><img loading=\"lazy\" class=\"alignleft size-full wp-image-901\" alt=\"andra_expo_radioactivit\u00e9\" src=\"http:\/\/www.pedagorisk.net\/enseignants\/wp-content\/uploads\/2012\/11\/andra_expo_radioactivit\u00e9.jpg\" width=\"150\" height=\"98\" \/><\/a>Visitez l\u2019exposition virtuelle de l\u2019ANDRA (Agence nationale des d\u00e9chets radioactifs) qui permet de d\u00e9couvrir la radioactivit\u00e9 : \u00ab\u00a0<a href=\"http:\/\/www.andra.fr\/laradioactivite\/\" target=\"_blank\">La radioactivit\u00e9\u00a0: de Homer \u00e0 Oppenheimer\u00a0<\/a>\u00bb<\/p>\n<p>&nbsp;<\/p>\n<p>&nbsp;<\/p>\n<p>&nbsp;<\/p>\n<p>&nbsp;<\/p>\n<p><a href=\"http:\/\/www.cea.fr\/jeunes\/mediatheque\/animations-flash\/la-physique-chimie\/decouverte-de-la-radioactivite\" target=\"_blank\"><img loading=\"lazy\" class=\"alignleft  wp-image-649\" title=\"cea_decouverte_radioactivite\" alt=\"\" src=\"http:\/\/www.pedagorisk.net\/enseignants\/wp-content\/uploads\/2012\/11\/cea_decouverte_radioactivite.jpg\" width=\"150\" height=\"100\" \/><\/a><a href=\"http:\/\/www.cea.fr\/jeunes\/mediatheque\/animations-flash\/la-physique-chimie\/decouverte-de-la-radioactivite\" target=\"_blank\">D\u00e9couverte de la radioactivit\u00e9<\/a> : le CEA (Commissariat \u00e0 l\u2019\u00e9nergie atomique et aux \u00e9nergies alternatives) propose une animation vid\u00e9o pour illustrer la d\u00e9couverte de la radioactivit\u00e9 en 1896.<\/p>\n<p>&nbsp;<\/p>\n<p>&nbsp;<\/p>\n<p>&nbsp;<\/p>\n<p><a href=\"http:\/\/www.cme-cpie84.org\/FR\/art.php?ID_ROOT=3&amp;ID=110&amp;lib=Outils_pedagogiques\" target=\"_blank\"><img loading=\"lazy\" class=\"alignleft size-full wp-image-628\" title=\"cme_outils_pedag\" alt=\"\" src=\"http:\/\/www.pedagorisk.net\/enseignants\/wp-content\/uploads\/2012\/11\/cme_outils_pedag.jpg\" width=\"150\" height=\"101\" \/><\/a><a href=\"http:\/\/www.cme-cpie84.org\/FR\/art.php?ID_ROOT=3&amp;ID=110&amp;lib=Outils_pedagogiques\" target=\"_blank\">Centre M\u00e9diterran\u00e9en de l\u2019Environnement \u2013 CME<\/a> : Le Centre M\u00e9diterran\u00e9en de l\u2019Environnement est une ONG, cr\u00e9\u00e9e en 1989, engag\u00e9e dans le domaine de la sensibilisation, de l\u2019\u00e9ducation \u00e0 l\u2019environnement et au d\u00e9veloppement durable. Il propose toute une s\u00e9rie d\u2019outils p\u00e9dagogiques : jeux de simulation, jeux de r\u00f4le inondations et feux de for\u00eats, film, expositions, topo-guides&#8230;<\/p>\n<p>&nbsp;<\/p>\n<p>&nbsp;<\/p>\n<p>&nbsp;<\/p>\n<p><a href=\"http:\/\/www.ormes.fr\/dossier.asp?DOSS_CLE=300\" target=\"_blank\"><img loading=\"lazy\" class=\"alignleft size-full wp-image-1389\" alt=\"Ormes\" src=\"http:\/\/www.pedagorisk.net\/enseignants\/wp-content\/uploads\/2012\/11\/Ormes.gif\" width=\"150\" height=\"123\" \/><\/a>\u00ab\u00a0<a href=\"http:\/\/www.ormes.fr\/dossier.asp?DOSS_CLE=300\" target=\"_blank\">Alerte dans l\u2019estuaire<\/a>\u00a0\u00bb : cette vid\u00e9o r\u00e9alis\u00e9e par l\u2019Ormes (Office des Risques Majeurs de l\u2019Estuaire de la Seine)\u00a0 et tourn\u00e9e par l\u2019\u00e9quipe de \u00ab\u00a0C\u2019est pas sorcier\u00a0\u00bb pr\u00e9sente la mise en \u0153uvre d\u2019un plan familial de mise en s\u00fbret\u00e9 (<a href=\"http:\/\/www.mementodumaire.net\/wp-content\/uploads\/2012\/06\/Pfms.pdf\" target=\"_blank\">PFMS<\/a>).<\/p>\n<p>&nbsp;<\/p>\n<p>&nbsp;<\/p>\n<p>&nbsp;<\/p>\n<p><a href=\"http:\/\/www.pollution-chimique.com\/index.php\" target=\"_blank\"><img loading=\"lazy\" class=\"alignleft size-full wp-image-1577\" alt=\"Cedre\" src=\"http:\/\/www.pedagorisk.net\/enseignants\/wp-content\/uploads\/2012\/11\/Cedre.gif\" width=\"150\" height=\"119\" \/><\/a><strong><a href=\"http:\/\/www.pollution-chimique.com\/index.php\" target=\"_blank\">\u00ab\u00a0Tout savoir sur les pollutions chimiques maritimes !\u00ab<\/a>\u00a0<\/strong> est un outil p\u00e9dagogique mis gracieusement \u00e0 disposition des enseignants, des coll\u00e9giens et des lyc\u00e9ens par le Cedre (Centre de documentation, de recherche et d\u2019exp\u00e9rimentations sur les pollutions accidentelles des eaux) en collaboration avec Transports Canada. Le site est compl\u00e9t\u00e9 par un dossier papier et 2 posters. <strong>Disponible en fran\u00e7ais et en anglais<\/strong>.<\/p>\n","protected":false},"excerpt":{"rendered":"<p>&nbsp; &nbsp; L\u2019IFFO-RME (Institut Fran\u00e7ais des Formateurs Risques Majeurs et protection de l\u2019Environnement ) a r\u00e9alis\u00e9 un guide des actions et des acteurs de la Culture du Risque Majeur, sous forme d\u2019un site Internet. Ce Guide est une \u00ab\u00a0boite \u00e0 id\u00e9es\u00a0\u00bb, un inventaire non exhaustif d\u2019actions et d&rsquo;initiatives r\u00e9alis\u00e9es en \u2026 <a href=\"http:\/\/www.pedagorisk.net\/enseignants\/lycee\/outils-pedagogiques\/\"> Continue reading <span class=\"meta-nav\">&rarr; <\/span><\/a><\/p>\n","protected":false},"author":1,"featured_media":0,"parent":51,"menu_order":8,"comment_status":"closed","ping_status":"closed","template":"","meta":[],"_links":{"self":[{"href":"http:\/\/www.pedagorisk.net\/enseignants\/wp-json\/wp\/v2\/pages\/280"}],"collection":[{"href":"http:\/\/www.pedagorisk.net\/enseignants\/wp-json\/wp\/v2\/pages"}],"about":[{"href":"http:\/\/www.pedagorisk.net\/enseignants\/wp-json\/wp\/v2\/types\/page"}],"author":[{"embeddable":true,"href":"http:\/\/www.pedagorisk.net\/enseignants\/wp-json\/wp\/v2\/users\/1"}],"replies":[{"embeddable":true,"href":"http:\/\/www.pedagorisk.net\/enseignants\/wp-json\/wp\/v2\/comments?post=280"}],"version-history":[{"count":33,"href":"http:\/\/www.pedagorisk.net\/enseignants\/wp-json\/wp\/v2\/pages\/280\/revisions"}],"predecessor-version":[{"id":636,"href":"http:\/\/www.pedagorisk.net\/enseignants\/wp-json\/wp\/v2\/pages\/280\/revisions\/636"}],"up":[{"embeddable":true,"href":"http:\/\/www.pedagorisk.net\/enseignants\/wp-json\/wp\/v2\/pages\/51"}],"wp:attachment":[{"href":"http:\/\/www.pedagorisk.net\/enseignants\/wp-json\/wp\/v2\/media?parent=280"}],"curies":[{"name":"wp","href":"https:\/\/api.w.org\/{rel}","templated":true}]}}