{"id":274,"date":"2012-11-27T11:34:34","date_gmt":"2012-11-27T10:34:34","guid":{"rendered":"http:\/\/www.pedagorisk.net\/enseignants\/?page_id=274"},"modified":"2013-07-19T15:09:46","modified_gmt":"2013-07-19T14:09:46","slug":"consignes-de-securite","status":"publish","type":"page","link":"http:\/\/www.pedagorisk.net\/enseignants\/lycee\/consignes-de-securite\/","title":{"rendered":"Les consignes de s\u00e9curit\u00e9"},"content":{"rendered":"<p>&nbsp;<\/p>\n<p>&nbsp;<\/p>\n<p style=\"text-align: left;\">Vous trouverez l&rsquo;ensemble des consignes de s\u00e9curit\u00e9 dans l&rsquo;outil <a title=\"Consignes de s\u00e9curit\u00e9\" href=\"http:\/\/www.pedagorisk.net\/enseignants\/?p=26\">Consignes de s\u00e9curit\u00e9<\/a> ci-contre.<\/p>\n","protected":false},"excerpt":{"rendered":"<p>&nbsp; &nbsp; Vous trouverez l&rsquo;ensemble des consignes de s\u00e9curit\u00e9 dans l&rsquo;outil Consignes de s\u00e9curit\u00e9 ci-contre.<\/p>\n","protected":false},"author":1,"featured_media":0,"parent":51,"menu_order":5,"comment_status":"closed","ping_status":"closed","template":"","meta":[],"_links":{"self":[{"href":"http:\/\/www.pedagorisk.net\/enseignants\/wp-json\/wp\/v2\/pages\/274"}],"collection":[{"href":"http:\/\/www.pedagorisk.net\/enseignants\/wp-json\/wp\/v2\/pages"}],"about":[{"href":"http:\/\/www.pedagorisk.net\/enseignants\/wp-json\/wp\/v2\/types\/page"}],"author":[{"embeddable":true,"href":"http:\/\/www.pedagorisk.net\/enseignants\/wp-json\/wp\/v2\/users\/1"}],"replies":[{"embeddable":true,"href":"http:\/\/www.pedagorisk.net\/enseignants\/wp-json\/wp\/v2\/comments?post=274"}],"version-history":[{"count":7,"href":"http:\/\/www.pedagorisk.net\/enseignants\/wp-json\/wp\/v2\/pages\/274\/revisions"}],"predecessor-version":[{"id":1358,"href":"http:\/\/www.pedagorisk.net\/enseignants\/wp-json\/wp\/v2\/pages\/274\/revisions\/1358"}],"up":[{"embeddable":true,"href":"http:\/\/www.pedagorisk.net\/enseignants\/wp-json\/wp\/v2\/pages\/51"}],"wp:attachment":[{"href":"http:\/\/www.pedagorisk.net\/enseignants\/wp-json\/wp\/v2\/media?parent=274"}],"curies":[{"name":"wp","href":"https:\/\/api.w.org\/{rel}","templated":true}]}}