{"id":272,"date":"2012-11-27T11:34:17","date_gmt":"2012-11-27T10:34:17","guid":{"rendered":"http:\/\/www.pedagorisk.net\/enseignants\/?page_id=272"},"modified":"2014-08-11T13:16:32","modified_gmt":"2014-08-11T12:16:32","slug":"les-risques-technologiques","status":"publish","type":"page","link":"http:\/\/www.pedagorisk.net\/enseignants\/lycee\/les-risques-technologiques\/","title":{"rendered":"Les risques technologiques"},"content":{"rendered":"<p>&nbsp;<\/p>\n<p>&nbsp;<\/p>\n<p><a href=\"http:\/\/www.mementodumaire.net\/risques-technologiques\/\" target=\"_blank\"><img loading=\"lazy\" class=\"alignleft size-full wp-image-578\" title=\"memento_risques_techno\" alt=\"\" src=\"http:\/\/www.pedagorisk.net\/enseignants\/wp-content\/uploads\/2012\/11\/memento_risques_techno1.jpg\" width=\"150\" height=\"101\" \/><\/a><a href=\"http:\/\/www.mementodumaire.net\/risques-technologiques\/\" target=\"_blank\">Le m\u00e9mento du maire<\/a> et des \u00e9lus locaux est constitu\u00e9 de fiches qui d\u00e9crivent la nature de chaque risque, les risques qu&rsquo;il peut engendrer et la r\u00e9glementation qui s&rsquo;y rapporte.<\/p>\n<p>&nbsp;<\/p>\n<p>&nbsp;<\/p>\n<p>&nbsp;<\/p>\n<p><a href=\"http:\/\/www.pedagorisk.net\/enseignants\/wp-content\/uploads\/2012\/11\/risques_majeurs_techno3.jpg\"><img loading=\"lazy\" class=\"alignleft size-full wp-image-580\" title=\"risques_majeurs_techno\" alt=\"\" src=\"http:\/\/www.pedagorisk.net\/enseignants\/wp-content\/uploads\/2012\/11\/risques_majeurs_techno3.jpg\" width=\"150\" height=\"101\" \/><\/a><a href=\"http:\/\/risques.gouv.fr\/risques-technologiques\" target=\"_blank\">Le portail interminist\u00e9riel de pr\u00e9vention des risques<\/a> a pour objectif d\u2019apporter les connaissances n\u00e9cessaires et les comportements \u00e0 adopter en situation de crise. Chaque risque naturel, technologique et sanitaire, est pr\u00e9sent\u00e9 selon les rubriques\u00a0: comprendre le ph\u00e9nom\u00e8ne, se prot\u00e9ger avant, pendant et apr\u00e8s, en savoir plus.<\/p>\n<p>&nbsp;<\/p>\n<p>&nbsp;<\/p>\n<p><a href=\"http:\/\/www.georisques.gouv.fr\/\" target=\"_blank\"><img loading=\"lazy\" class=\"alignleft size-full wp-image-1503\" alt=\"GeoRisques\" src=\"http:\/\/www.pedagorisk.net\/enseignants\/wp-content\/uploads\/2012\/11\/GeoRisques.jpg\" width=\"150\" height=\"115\" \/><\/a>L\u2019application <a href=\"http:\/\/www.georisques.gouv.fr\/\" target=\"_blank\">G\u00e9oRisques<\/a> (d\u00e9velopp\u00e9e par le Minist\u00e8re en charge de l\u2019Ecologie et le BRGM), met \u00e0 la disposition du public, des documents synth\u00e9tiques sur les risques naturels et technologiques, et permet la consultation de donn\u00e9es cartographiques sur les risques.<\/p>\n<p>&nbsp;<\/p>\n<p>&nbsp;<\/p>\n<p><a href=\"http:\/\/www.risquesmajeurs.fr\/le-risque-nucleaire\" target=\"_blank\"><img loading=\"lazy\" class=\"alignleft size-full wp-image-581\" title=\"risque_nucleaire_prim\" alt=\"\" src=\"http:\/\/www.pedagorisk.net\/enseignants\/wp-content\/uploads\/2012\/11\/risque_nucleaire_prim1.jpg\" width=\"150\" height=\"101\" \/><\/a>Prim.net, le portail de la pr\u00e9vention des risques majeurs, \u00e9dit\u00e9 par le minist\u00e8re en charge de l&rsquo;\u00e9cologie, propose un dossier sur la radioactivit\u00e9, <a href=\"http:\/\/www.risquesmajeurs.fr\/le-risque-nucleaire\" target=\"_blank\">le risque nucl\u00e9aire<\/a> en France et dans le monde, les effets sur l\u2019homme, la gestion du risque, l\u2019organisation des secours et l\u2019indemnisation des dommages caus\u00e9s par un accident nucl\u00e9aire.<\/p>\n<p>&nbsp;<\/p>\n<p>&nbsp;<\/p>\n<ul>\n<li><a href=\"http:\/\/www.risquesmajeurs.fr\/category\/grandes-cat%C3%A9gories\/le-risque-rupture-de-barrage\" target=\"_blank\">Le risque rupture de barrage&nbsp;\n<p><\/a><\/li>\n<\/ul>\n<p>&nbsp;<\/p>\n<p><a href=\"http:\/\/www.irma-grenoble.com\/05documentation\/04dossiers_numero.php?id_DT=9\" target=\"_blank\"><img loading=\"lazy\" class=\"alignleft size-full wp-image-1112\" alt=\"irma_dossier_them_barrage_ra\" src=\"http:\/\/www.pedagorisk.net\/enseignants\/wp-content\/uploads\/2012\/11\/irma_dossier_them_barrage_ra.jpg\" width=\"150\" height=\"101\" \/><\/a>Dossier th\u00e9matique multim\u00e9dia sur <a href=\"http:\/\/www.irma-grenoble.com\/05documentation\/04dossiers_numero.php?id_DT=9\" target=\"_blank\">les barrages en Rh\u00f4ne-Alpes <\/a>et le risque rupture de barrage.<\/p>\n<p>&nbsp;<\/p>\n<p>&nbsp;<\/p>\n<p>&nbsp;<\/p>\n<ul>\n<li><a href=\"http:\/\/www.risquesmajeurs.fr\/category\/grandes-cat%C3%A9gories\/le-risque-industriel\" target=\"_blank\">Le risque industriel<\/a><\/li>\n<\/ul>\n<p>&nbsp;<\/p>\n<p>&nbsp;<\/p>\n<p>&nbsp;<\/p>\n<p><a href=\"http:\/\/www.irma-grenoble.com\/05documentation\/01publications_nucleaire_index.php\" target=\"_blank\"><img loading=\"lazy\" class=\"alignleft size-full wp-image-1190\" alt=\"irma_risque_nucleaire\" src=\"http:\/\/www.pedagorisk.net\/enseignants\/wp-content\/uploads\/2012\/11\/irma_risque_nucleaire.jpg\" width=\"150\" height=\"101\" \/>\u00ab\u00a0Le risque nucl\u00e9aire\u00a0\u00bb<\/a> : ce dossier r\u00e9alis\u00e9 par l&rsquo;IRMa, propose de faire un tour d\u2019horizon sur la question du risque nucl\u00e9aire en France, en fournissant des \u00e9l\u00e9ments de connaissance essentiels pour une participation l\u00e9gitime au d\u00e9bat sur la transition \u00e9nerg\u00e9tique.\u00a0Pour aller plus loin dans la d\u00e9couverte du sujet, diverses pistes vous sont sugg\u00e9r\u00e9es\u00a0: films, sites internet et autres dossiers multim\u00e9dia&#8230;<\/p>\n<p>&nbsp;<\/p>\n<p>&nbsp;<\/p>\n<p>&nbsp;<\/p>\n<p><a href=\"http:\/\/www.laradioactivite.com\/fr\/site\/pages\/intro.html\" target=\"_blank\"><img loading=\"lazy\" class=\"alignleft size-full wp-image-1193\" alt=\"radioactivitecom\" src=\"http:\/\/www.pedagorisk.net\/enseignants\/wp-content\/uploads\/2012\/11\/radioactivitecom.jpg\" width=\"150\" height=\"99\" \/>Radioactivit\u00e9.com<\/a> apporte un \u00e9clairage sur la radioactivit\u00e9, ses utilisations, le nucl\u00e9aire et les d\u00e9chets radioactif.<\/p>\n<p>&nbsp;<\/p>\n<p>&nbsp;<\/p>\n<p>&nbsp;<\/p>\n<p>&nbsp;<\/p>\n<p><a href=\"http:\/\/www.cea.fr\/\" target=\"_blank\"><img loading=\"lazy\" class=\"alignleft size-full wp-image-582\" title=\"cea\" alt=\"\" src=\"http:\/\/www.pedagorisk.net\/enseignants\/wp-content\/uploads\/2012\/11\/cea1.jpg\" width=\"150\" height=\"100\" \/><\/a><a href=\"http:\/\/www.cea.fr\/\" target=\"_blank\">Le CEA<\/a> (Commissariat \u00e0 l\u2019\u00e9nergie atomique et aux \u00e9nergies alternatives) fournit des renseignements sur l\u2019atome, la radioactivit\u00e9, les centrales nucl\u00e9aires, Une rubrique est r\u00e9serv\u00e9e aux enseignants et propose des ressources multim\u00e9dia (animations, posters, livrets p\u00e9dagogiques) et des id\u00e9es d\u2019activit\u00e9s . Par ailleurs, le CEA \u00e9dite la revue Les D\u00e9fis du CEA, \u00e0 laquelle il est possible de s\u2019abonner gratuitement.<\/p>\n<p>&nbsp;<\/p>\n<p>&nbsp;<\/p>\n<ul>\n<li><a href=\"http:\/\/www.cea.fr\/le_cea\/publications\/livrets_thematiques\" target=\"_blank\">Les livrets th\u00e9matique du CEA<\/a> constituent une premi\u00e8re approche pour comprendre l&rsquo;atome, la radioactivit\u00e9, l&rsquo;\u00e9nergie nucl\u00e9aire&#8230;<\/li>\n<\/ul>\n<p>&nbsp;<\/p>\n<p>&nbsp;<\/p>\n<p><a href=\"http:\/\/www.dechets-radioactifs.com\/index.html\" target=\"_blank\"><img loading=\"lazy\" class=\"alignleft size-full wp-image-1026\" alt=\"dechets_radio_andra\" src=\"http:\/\/www.pedagorisk.net\/enseignants\/wp-content\/uploads\/2012\/11\/dechets_radio_andra.jpg\" width=\"150\" height=\"101\" \/>Les d\u00e9chets radioactifs<\/a> : l&rsquo;Andra (Agence nationale pour la gestion des d\u00e9chets radioactifs) propose un site \u00e0 vocation p\u00e9dagogique qui explique la radioactivit\u00e9, son origine, les risques li\u00e9s, les d\u00e9chets g\u00e9n\u00e9r\u00e9s par le nucl\u00e9aire et pr\u00e9sente les actions de pr\u00e9vention.<\/p>\n<p>&nbsp;<\/p>\n<p>&nbsp;<\/p>\n<p>&nbsp;<\/p>\n<p><a href=\"http:\/\/www.irsn.fr\/FR\/base_de_connaissances\/Pages\/Home.aspx\" target=\"_blank\"><img loading=\"lazy\" class=\"alignleft size-full wp-image-1032\" alt=\"irsn_connaissances_nucl\" src=\"http:\/\/www.pedagorisk.net\/enseignants\/wp-content\/uploads\/2012\/11\/irsn_connaissances_nucl.jpg\" width=\"150\" height=\"101\" \/><\/a>L&rsquo;IRSN (Institut de radioprotection et de s\u00fbret\u00e9 nucl\u00e9aire) g\u00e8re <a href=\"http:\/\/www.irsn.fr\/FR\/base_de_connaissances\/Pages\/Home.aspx\" target=\"_blank\">une base de connaissances <\/a>portant sur plusieurs th\u00e8mes : installations nucl\u00e9aires, <a href=\"http:\/\/environnement.irsn.fr\/\" target=\"_blank\">la surveillance de l&rsquo;environnement<\/a>, la sant\u00e9 et une \u00ab\u00a0Foire aux Questions\u00a0\u00bb permet d&rsquo;\u00e9largir le sujet.<\/p>\n<p>&nbsp;<\/p>\n<p>&nbsp;<\/p>\n<p>&nbsp;<\/p>\n<p><a href=\"http:\/\/www.statistiques.developpement-durable.gouv.fr\/lessentiel\/s\/risques-technologiques.html?tx_ttnews[tt_news]=22289&amp;tx_ttnews[catdomaine]=1097&amp;cHash=ad7273fac1615ff465d6dcaf6ba085de\" target=\"_blank\"><img loading=\"lazy\" class=\"alignleft size-full wp-image-1036\" alt=\"stats_medde_techno\" src=\"http:\/\/www.pedagorisk.net\/enseignants\/wp-content\/uploads\/2012\/11\/stats_medde_techno.jpg\" width=\"150\" height=\"101\" \/>Le service statistique<\/a> du minist\u00e8re du d\u00e9veloppement durable pr\u00e9sente des donn\u00e9es et informations sur les risques technologiques : r\u00e9partition des accidents par type d&rsquo;\u00e9v\u00e9nements, les communes \u00e0 risque technologique&#8230;<\/p>\n","protected":false},"excerpt":{"rendered":"<p>&nbsp; &nbsp; Le m\u00e9mento du maire et des \u00e9lus locaux est constitu\u00e9 de fiches qui d\u00e9crivent la nature de chaque risque, les risques qu&rsquo;il peut engendrer et la r\u00e9glementation qui s&rsquo;y rapporte. &nbsp; &nbsp; &nbsp; Le portail interminist\u00e9riel de pr\u00e9vention des risques a pour objectif d\u2019apporter les connaissances n\u00e9cessaires et \u2026 <a href=\"http:\/\/www.pedagorisk.net\/enseignants\/lycee\/les-risques-technologiques\/\"> Continue reading <span class=\"meta-nav\">&rarr; <\/span><\/a><\/p>\n","protected":false},"author":1,"featured_media":0,"parent":51,"menu_order":2,"comment_status":"closed","ping_status":"closed","template":"","meta":[],"_links":{"self":[{"href":"http:\/\/www.pedagorisk.net\/enseignants\/wp-json\/wp\/v2\/pages\/272"}],"collection":[{"href":"http:\/\/www.pedagorisk.net\/enseignants\/wp-json\/wp\/v2\/pages"}],"about":[{"href":"http:\/\/www.pedagorisk.net\/enseignants\/wp-json\/wp\/v2\/types\/page"}],"author":[{"embeddable":true,"href":"http:\/\/www.pedagorisk.net\/enseignants\/wp-json\/wp\/v2\/users\/1"}],"replies":[{"embeddable":true,"href":"http:\/\/www.pedagorisk.net\/enseignants\/wp-json\/wp\/v2\/comments?post=272"}],"version-history":[{"count":23,"href":"http:\/\/www.pedagorisk.net\/enseignants\/wp-json\/wp\/v2\/pages\/272\/revisions"}],"predecessor-version":[{"id":579,"href":"http:\/\/www.pedagorisk.net\/enseignants\/wp-json\/wp\/v2\/pages\/272\/revisions\/579"}],"up":[{"embeddable":true,"href":"http:\/\/www.pedagorisk.net\/enseignants\/wp-json\/wp\/v2\/pages\/51"}],"wp:attachment":[{"href":"http:\/\/www.pedagorisk.net\/enseignants\/wp-json\/wp\/v2\/media?parent=272"}],"curies":[{"name":"wp","href":"https:\/\/api.w.org\/{rel}","templated":true}]}}