{"id":231,"date":"2012-11-27T11:21:32","date_gmt":"2012-11-27T10:21:32","guid":{"rendered":"http:\/\/www.pedagorisk.net\/enseignants\/?page_id=231"},"modified":"2013-10-10T15:02:22","modified_gmt":"2013-10-10T14:02:22","slug":"les-actions-de-prevention-et-de-protection","status":"publish","type":"page","link":"http:\/\/www.pedagorisk.net\/enseignants\/primaire\/les-actions-de-prevention-et-de-protection\/","title":{"rendered":"Les actions de pr\u00e9vention et de protection"},"content":{"rendered":"<p>&nbsp;<\/p>\n<p>&nbsp;<\/p>\n<p><a href=\"http:\/\/www.developpement-durable.gouv.fr\/Introduction,24018.html\" target=\"_blank\">La politique de pr\u00e9vention des risques en France <\/a><a href=\"http:\/\/www.developpement-durable.gouv.fr\/Introduction,24018.html\" target=\"_blank\"><img loading=\"lazy\" class=\"alignleft size-full wp-image-743\" title=\"medde_prevention_risque\" alt=\"\" src=\"http:\/\/www.pedagorisk.net\/enseignants\/wp-content\/uploads\/2012\/11\/medde_prevention_risque.jpg\" width=\"150\" height=\"101\" \/><\/a>: Le minist\u00e8re de l\u2019\u00c9cologie, du D\u00e9veloppement durable et de l&rsquo;Energie (MEDDE)\u00a0 intervient principalement pour la pr\u00e9vention, la protection, la r\u00e9duction des risques et l&rsquo;information pr\u00e9ventive.<\/p>\n<p>&nbsp;<\/p>\n<p>&nbsp;<\/p>\n<p><a href=\"http:\/\/www.lesbonsreflexes.com\/\" target=\"_blank\"><img loading=\"lazy\" class=\"alignleft size-full wp-image-1422\" alt=\"Les_bons_reflexes\" src=\"http:\/\/www.pedagorisk.net\/enseignants\/wp-content\/uploads\/2012\/11\/Les_bons_reflexes.jpg\" width=\"150\" height=\"105\" \/><\/a>Le site officiel de <a href=\"http:\/\/www.lesbonsreflexes.com\/index.php\" target=\"_blank\">la campagne d\u2019information 2013 en Rh\u00f4ne-Alpes<\/a> sur les <strong>risques industriels<\/strong> met \u00e0 disposition l\u2019ensemble des supports et m\u00e9dias utilis\u00e9s (grand public et scolaires) : \u00e9couter le signal d\u2019alerte et de fin d\u2019alerte, t\u00e9l\u00e9charger le dessin anim\u00e9 \u00ab\u00a0Arlette, la tortue d\u2019alerte\u00a0\u00bb, jouer au Serious Game @.L.E.R.T.E\u2026 Une rubrique est tout sp\u00e9cialement d\u00e9di\u00e9e aux <a href=\"http:\/\/www.lesbonsreflexes.com\/ressources-enseignants.html\" target=\"_blank\">ressources pour les enseignants.<\/a><\/p>\n<p>&nbsp;<\/p>\n<p>&nbsp;<\/p>\n<p>&nbsp;<\/p>\n<p><a href=\"http:\/\/crdp.ac-amiens.fr\/textesofficielsedd\/index.php\/risques-majeurs\/1144-prevention-de-risques-majeurs-dans-les-territoires-francais\" target=\"_blank\"><img loading=\"lazy\" class=\"alignleft size-full wp-image-744\" title=\"crdp_amiens_rm\" alt=\"\" src=\"http:\/\/www.pedagorisk.net\/enseignants\/wp-content\/uploads\/2012\/11\/crdp_amiens_rm.jpg\" width=\"150\" height=\"101\" \/><\/a><a href=\"http:\/\/crdp.ac-amiens.fr\/textesofficielsedd\/index.php\/risques-majeurs\/1144-prevention-de-risques-majeurs-dans-les-territoires-francais\" target=\"_blank\">Pr\u00e9vention des risques majeurs dans les territoires fran\u00e7ais<\/a> : le CRDP d&rsquo;Amiens &#8211; P\u00f4le national de comp\u00e9tences \u00ab\u00a0Education au d\u00e9veloppement durable\u00a0\u00bb liste des ressources dans le cadre des programmes de l&rsquo;\u00e9ducation nationale au d\u00e9veloppement durable (Sant\u00e9 publique, pr\u00e9vention et gestion des risques : population expos\u00e9e aux risques d&rsquo;inondation, la densit\u00e9 d&rsquo;\u00e9tablissements industriels \u00e0 risques, la qualit\u00e9 de l&rsquo;air&#8230;).<\/p>\n<p>&nbsp;<\/p>\n<p>&nbsp;<\/p>\n<p><a href=\"http:\/\/www.mementodumaire.net\/\" target=\"_blank\"><img loading=\"lazy\" class=\"alignleft size-full wp-image-752\" title=\"memento\" alt=\"\" src=\"http:\/\/www.pedagorisk.net\/enseignants\/wp-content\/uploads\/2012\/11\/memento6.jpg\" width=\"150\" height=\"101\" \/><\/a><a href=\"http:\/\/www.mementodumaire.net\/\" target=\"_blank\">Le M\u00e9mento du maire et des \u00e9lus locaux<\/a> est constitu\u00e9 de fiches qui d\u00e9crivent les diff\u00e9rents risques ainsi que les actions de pr\u00e9vention (information pr\u00e9ventive, am\u00e9nagement du territoire, vigilance, alerte et secours, etc.) &#8211; IRMa<\/p>\n<p>&nbsp;<\/p>\n<p>&nbsp;<\/p>\n<p>&nbsp;<\/p>\n<p><a href=\"http:\/\/www.profil-environnement.rhonealpes.fr\/accueil.html\" target=\"_blank\"><img loading=\"lazy\" class=\"alignleft size-full wp-image-1317\" alt=\"Profil_env_RA\" src=\"http:\/\/www.pedagorisk.net\/enseignants\/wp-content\/uploads\/2012\/11\/Profil_env_RA.gif\" width=\"150\" height=\"107\" \/>Profil environnement Rh\u00f4ne-Alpes<\/a> a pour ambition d&rsquo;informer et sensibiliser sur la situation et les enjeux de l&rsquo;environnement en Rh\u00f4ne-Alpes. La rubrique \u00ab\u00a0Enjeux\u00a0\u00bb pr\u00e9sente les trois axes de la politique de pr\u00e9vention et de gestion des risques.<\/p>\n<p>&nbsp;<\/p>\n<p>&nbsp;<\/p>\n<p>&nbsp;<\/p>\n<p>&nbsp;<\/p>\n<p><a href=\"http:\/\/www.irma-grenoble.com\/04risques_rhone_alpes\/01atlas_region_index.php\" target=\"_blank\"><img loading=\"lazy\" class=\"alignleft size-full wp-image-746\" title=\"irma_atlas\" alt=\"\" src=\"http:\/\/www.pedagorisk.net\/enseignants\/wp-content\/uploads\/2012\/11\/irma_atlas5.jpg\" width=\"150\" height=\"101\" \/><\/a>Cartographie des Plans de pr\u00e9vention des risques (PPR) en <a href=\"http:\/\/www.irma-grenoble.com\/04risques_rhone_alpes\/01atlas_region_index.php\" target=\"_blank\">Rh\u00f4ne-Alpes<\/a>.<\/p>\n<p>&nbsp;<\/p>\n<p>&nbsp;<\/p>\n<p>&nbsp;<\/p>\n<p>&nbsp;<\/p>\n<p>&nbsp;<\/p>\n<p><a href=\"http:\/\/www.irma-grenoble.com\/05documentation\/04dossiers_numero.php?id_DT=10\" target=\"_blank\"><img loading=\"lazy\" class=\"alignleft size-full wp-image-747\" title=\"irma_dossier_them_acteurs_risque\" alt=\"\" src=\"http:\/\/www.pedagorisk.net\/enseignants\/wp-content\/uploads\/2012\/11\/irma_dossier_them_acteurs_risque.jpg\" width=\"150\" height=\"101\" \/><\/a><a href=\"http:\/\/www.irma-grenoble.com\/05documentation\/04dossiers_numero.php?id_DT=10\" target=\"_blank\">L&rsquo;organisation des secours<\/a> : Le dossier th\u00e9matique \u00ab\u00a0Les acteurs de la gestion des risques : Qui fait quoi ?\u00a0\u00bb d\u00e9crit les acteurs et leurs r\u00f4les \u00e0 tous les \u00e9chelons de la gestion des risques. (IRMa)<\/p>\n<p>&nbsp;<\/p>\n<p>&nbsp;<\/p>\n<p>&nbsp;<\/p>\n<p>&nbsp;<\/p>\n<p>&nbsp;<\/p>\n","protected":false},"excerpt":{"rendered":"<p>&nbsp; &nbsp; La politique de pr\u00e9vention des risques en France : Le minist\u00e8re de l\u2019\u00c9cologie, du D\u00e9veloppement durable et de l&rsquo;Energie (MEDDE)\u00a0 intervient principalement pour la pr\u00e9vention, la protection, la r\u00e9duction des risques et l&rsquo;information pr\u00e9ventive. &nbsp; &nbsp; Le site officiel de la campagne d\u2019information 2013 en Rh\u00f4ne-Alpes sur les \u2026 <a href=\"http:\/\/www.pedagorisk.net\/enseignants\/primaire\/les-actions-de-prevention-et-de-protection\/\"> Continue reading <span class=\"meta-nav\">&rarr; <\/span><\/a><\/p>\n","protected":false},"author":1,"featured_media":0,"parent":46,"menu_order":4,"comment_status":"closed","ping_status":"closed","template":"","meta":[],"_links":{"self":[{"href":"http:\/\/www.pedagorisk.net\/enseignants\/wp-json\/wp\/v2\/pages\/231"}],"collection":[{"href":"http:\/\/www.pedagorisk.net\/enseignants\/wp-json\/wp\/v2\/pages"}],"about":[{"href":"http:\/\/www.pedagorisk.net\/enseignants\/wp-json\/wp\/v2\/types\/page"}],"author":[{"embeddable":true,"href":"http:\/\/www.pedagorisk.net\/enseignants\/wp-json\/wp\/v2\/users\/1"}],"replies":[{"embeddable":true,"href":"http:\/\/www.pedagorisk.net\/enseignants\/wp-json\/wp\/v2\/comments?post=231"}],"version-history":[{"count":17,"href":"http:\/\/www.pedagorisk.net\/enseignants\/wp-json\/wp\/v2\/pages\/231\/revisions"}],"predecessor-version":[{"id":742,"href":"http:\/\/www.pedagorisk.net\/enseignants\/wp-json\/wp\/v2\/pages\/231\/revisions\/742"}],"up":[{"embeddable":true,"href":"http:\/\/www.pedagorisk.net\/enseignants\/wp-json\/wp\/v2\/pages\/46"}],"wp:attachment":[{"href":"http:\/\/www.pedagorisk.net\/enseignants\/wp-json\/wp\/v2\/media?parent=231"}],"curies":[{"name":"wp","href":"https:\/\/api.w.org\/{rel}","templated":true}]}}